{"id":41,"date":"2017-07-09T15:52:44","date_gmt":"2017-07-09T13:52:44","guid":{"rendered":"http:\/\/ratze.nilart.se\/?page_id=41"},"modified":"2019-03-15T11:55:26","modified_gmt":"2019-03-15T10:55:26","slug":"hem","status":"publish","type":"page","link":"https:\/\/ratze.se\/","title":{"rendered":"\ufeffV\u00e4lkommen in till oss!"},"content":{"rendered":"\n<p>En sida om livet med underbara mallenutter i vardag, tr\u00e4ning &amp; t\u00e4vling. Fartfyllt och aldrig tr\u00e5kigt!<\/p>\n\n\n\n<p>&nbsp;&nbsp;&nbsp;&nbsp;&nbsp;&nbsp;&nbsp;&nbsp;&nbsp;&nbsp;&nbsp;&nbsp;&nbsp;&nbsp;&nbsp;&nbsp;&nbsp;&nbsp;&nbsp;&nbsp;&nbsp;&nbsp;&nbsp;&nbsp;&nbsp;&nbsp;&nbsp;&nbsp;&nbsp; \/\/Rebecca<\/p>\n\n\n\n<p>&#8221;<em>En vandring p\u00e5 tusen mil b\u00f6rjar alltid med ett steg&#8221;<\/em><\/p>\n","protected":false},"excerpt":{"rendered":"<p>En sida om livet med underbara mallenutter i vardag, tr\u00e4ning &amp; t\u00e4vling. Fartfyllt och aldrig tr\u00e5kigt! &nbsp;&nbsp;&nbsp;&nbsp;&nbsp;&nbsp;&nbsp;&nbsp;&nbsp;&nbsp;&nbsp;&nbsp;&nbsp;&nbsp;&nbsp;&nbsp;&nbsp;&nbsp;&nbsp;&nbsp;&nbsp;&nbsp;&nbsp;&nbsp;&nbsp;&nbsp;&nbsp;&nbsp;&nbsp; \/\/Rebecca &#8221;En vandring p\u00e5 tusen mil b\u00f6rjar alltid med ett steg&#8221;<\/p>\n","protected":false},"author":1,"featured_media":36,"parent":0,"menu_order":0,"comment_status":"closed","ping_status":"closed","template":"","meta":{"footnotes":""},"_links":{"self":[{"href":"https:\/\/ratze.se\/index.php\/wp-json\/wp\/v2\/pages\/41"}],"collection":[{"href":"https:\/\/ratze.se\/index.php\/wp-json\/wp\/v2\/pages"}],"about":[{"href":"https:\/\/ratze.se\/index.php\/wp-json\/wp\/v2\/types\/page"}],"author":[{"embeddable":true,"href":"https:\/\/ratze.se\/index.php\/wp-json\/wp\/v2\/users\/1"}],"replies":[{"embeddable":true,"href":"https:\/\/ratze.se\/index.php\/wp-json\/wp\/v2\/comments?post=41"}],"version-history":[{"count":3,"href":"https:\/\/ratze.se\/index.php\/wp-json\/wp\/v2\/pages\/41\/revisions"}],"predecessor-version":[{"id":614,"href":"https:\/\/ratze.se\/index.php\/wp-json\/wp\/v2\/pages\/41\/revisions\/614"}],"wp:featuredmedia":[{"embeddable":true,"href":"https:\/\/ratze.se\/index.php\/wp-json\/wp\/v2\/media\/36"}],"wp:attachment":[{"href":"https:\/\/ratze.se\/index.php\/wp-json\/wp\/v2\/media?parent=41"}],"curies":[{"name":"wp","href":"https:\/\/api.w.org\/{rel}","templated":true}]}}