{"id":9,"date":"2017-07-09T15:16:16","date_gmt":"2017-07-09T13:16:16","guid":{"rendered":"http:\/\/ratze.nilart.se\/?page_id=9"},"modified":"2019-03-15T11:57:03","modified_gmt":"2019-03-15T10:57:03","slug":"om-ratze","status":"publish","type":"page","link":"https:\/\/ratze.se\/index.php\/om-ratze\/","title":{"rendered":"Presentation"},"content":{"rendered":"<p>Jag heter Rebecca och \u00e4r 32 \u00e5r. Jag \u00e4r f\u00f6dd och uppvuxen i Stockholm, blev dalkulla vid arton men numera sm\u00e5l\u00e4nning. Ratze.se \u00e4r en sida om mina k\u00e4ra hundar i vardag, tr\u00e4ning och t\u00e4vling och allt annat underbart som tillh\u00f6r lyxen en fyrfota v\u00e4n inneb\u00e4r!<\/p>\n<p>F\u00f6r tio \u00e5r sedan kom min f\u00f6rsta egna hund in i mitt liv. Det var en fyra m\u00e5nader gammal sch\u00e4ferkille och p\u00e5 den tiden jobbade jag med t\u00e4vlingsh\u00e4star s\u00e5 vi var verkligen tillsammans dygnet runt under de fem \u00e5r jag fick tillsammans med honom innan hans h\u00f6fter sa ifr\u00e5n. Det var med Atze p\u00e5 Nedansiljans BK i R\u00e4ttvik som allt b\u00f6rjade.<\/p>\n<p>Sen dess har ytterligare tv\u00e5 sch\u00e4frar kommit och g\u00e5tt men ocks\u00e5 de har dragits med diverse \u00e5kommor vilket gjort att de f\u00e5tt somna in alldeles f\u00f6r tidigt tyv\u00e4rr.<\/p>\n<p>Lite av en slump s\u00e5 kom det en malinois innanf\u00f6r d\u00f6rren 2006. Tillsammans med Salsa har jag lyckats f\u00f6rverkliga flera av mina uppsatta m\u00e5l och f\u00f6rra \u00e5ret kvalade vi b\u00e5de till SM och blev uttagna till NM!<\/p>\n<p>Salsa fick \u00e4ven en kull hos Mallekraft p\u00e5 v\u00e5ren och numera tillh\u00f6r \u00e4ven Frazze familjen tillsammans med min underbara katt Bengan som varit med under alla mina hund\u00e5r.<\/p>\n<p>Min och Salsas huvudsakliga gren \u00e4r skydd men vi k\u00f6r givetvis s\u00f6k, sp\u00e5r och lydnad pararellt.<\/p>\n<p>Med Frazze \u00e4r tanken och m\u00e5let att k\u00f6ra IPO.<\/p>\n\n\n<div class=\"wp-block-image\"><figure class=\"aligncenter is-resized\"><img loading=\"lazy\" decoding=\"async\" src=\"http:\/\/ratze.nilart.se\/wp-content\/uploads\/2019\/02\/pall-461x1024.jpg\" alt=\"\" class=\"wp-image-611\" width=\"446\" height=\"990\" srcset=\"https:\/\/ratze.se\/wp-content\/uploads\/2019\/02\/pall-461x1024.jpg 461w, https:\/\/ratze.se\/wp-content\/uploads\/2019\/02\/pall-135x300.jpg 135w, https:\/\/ratze.se\/wp-content\/uploads\/2019\/02\/pall-768x1704.jpg 768w, https:\/\/ratze.se\/wp-content\/uploads\/2019\/02\/pall.jpg 1260w\" sizes=\"(max-width: 446px) 100vw, 446px\" \/><\/figure><\/div>\n","protected":false},"excerpt":{"rendered":"<p>Jag heter Rebecca och \u00e4r 32 \u00e5r. Jag \u00e4r f\u00f6dd och uppvuxen i Stockholm, blev dalkulla vid arton men numera sm\u00e5l\u00e4nning. Ratze.se \u00e4r en sida om mina k\u00e4ra hundar i vardag, tr\u00e4ning och t\u00e4vling och allt annat underbart som tillh\u00f6r lyxen en fyrfota v\u00e4n inneb\u00e4r! F\u00f6r tio \u00e5r sedan kom min f\u00f6rsta egna hund in &hellip; <\/p>\n<p class=\"link-more\"><a href=\"https:\/\/ratze.se\/index.php\/om-ratze\/\" class=\"more-link\">Forts\u00e4tt l\u00e4sa<span class=\"screen-reader-text\"> \u201dPresentation\u201d<\/span><\/a><\/p>\n","protected":false},"author":1,"featured_media":51,"parent":0,"menu_order":0,"comment_status":"closed","ping_status":"closed","template":"","meta":{"footnotes":""},"_links":{"self":[{"href":"https:\/\/ratze.se\/index.php\/wp-json\/wp\/v2\/pages\/9"}],"collection":[{"href":"https:\/\/ratze.se\/index.php\/wp-json\/wp\/v2\/pages"}],"about":[{"href":"https:\/\/ratze.se\/index.php\/wp-json\/wp\/v2\/types\/page"}],"author":[{"embeddable":true,"href":"https:\/\/ratze.se\/index.php\/wp-json\/wp\/v2\/users\/1"}],"replies":[{"embeddable":true,"href":"https:\/\/ratze.se\/index.php\/wp-json\/wp\/v2\/comments?post=9"}],"version-history":[{"count":4,"href":"https:\/\/ratze.se\/index.php\/wp-json\/wp\/v2\/pages\/9\/revisions"}],"predecessor-version":[{"id":615,"href":"https:\/\/ratze.se\/index.php\/wp-json\/wp\/v2\/pages\/9\/revisions\/615"}],"wp:featuredmedia":[{"embeddable":true,"href":"https:\/\/ratze.se\/index.php\/wp-json\/wp\/v2\/media\/51"}],"wp:attachment":[{"href":"https:\/\/ratze.se\/index.php\/wp-json\/wp\/v2\/media?parent=9"}],"curies":[{"name":"wp","href":"https:\/\/api.w.org\/{rel}","templated":true}]}}